{"id":4166,"date":"2019-08-13T23:03:14","date_gmt":"2019-08-13T23:03:14","guid":{"rendered":"https:\/\/www.hotelprimaverariva.it\/privacy-policy-2\/"},"modified":"2019-08-13T23:03:14","modified_gmt":"2019-08-13T23:03:14","slug":"privacy-policy-2","status":"publish","type":"page","link":"https:\/\/www.hotelprimaverariva.it\/en\/privacy-policy-2\/","title":{"rendered":"Privacy Policy"},"content":{"rendered":"<div class=\"wpb-content-wrapper\"><p>[vc_row][vc_column css=&#8221;.vc_custom_1565737407351{padding-top: 100px !important;}&#8221;][vc_column_text]<\/p>\r\n<p><em><strong>Informativa privacy &#8211; Regolamento UE n. 679 del 2016<\/strong><\/em><\/p>\r\n\r\n<p><em>Gentile Cliente,<\/em><\/p>\r\n\r\n<p><em>ai sensi della normativa vigente in materia di protezione dei dati personali, desideriamo informarla che i trattamenti dei suoi dati personali sono effettuati con correttezza e trasparenza, per fini leciti , tutelando la sua riservatezza ed i suoi diritti.<\/em><\/p>\r\n\r\n<p><em>I trattamenti sono effettuati anche con l\u2019ausilio di mezzi informatici per le seguenti finalit\u00e0:<\/em><\/p>\r\n\r\n<p><em>1.<\/em><em>\u00a0P<\/em><em>er acquisire e confermare la sua prenotazione di servizi di alloggio e servizi accessori, e per fornire i servizi richiesti<\/em><em>. Essendo trattamenti necessari per la definizione dell\u2019accordo contrattuale e per la sua successiva attuazione, in caso di rifiuto a conferire i dati personali, non potremo confermare la prenotazione o fornirle i servizi richiesti.\u00a0<\/em><em>Il trattamento cesser\u00e0 alla sua partenza, ma alcuni suoi dati personali potranno o dovranno continuare ad essere trattati per le finalit\u00e0 e con le modalit\u00e0 indicate nei punti successivi;<\/em><\/p>\r\n\r\n<p><em>2.<\/em><em>\u00a0P<\/em><em>er adempiere all\u2019obbligo previsto dal \u201cTesto unico delle leggi di pubblica sicurezza\u201dche ci impone di comunicare alla Questura, per fini di pubblica sicurezza, le generalit\u00e0 dei clienti alloggiati<\/em><em>\u00a0secondo le modalit\u00e0 stabilite dal Ministero dell\u2019Interno. Il conferimento dei dati \u00e8 obbligatorio e non richiede il suo consenso, ed in caso di rifiuto a fornirli non potremo ospitarla nella nostra struttura.<\/em><\/p>\r\n\r\n<p><em>3.<\/em><em>\u00a0P<\/em><em>er adempiere ai vigenti obblighi amministrativi, contabili e fiscali<\/em><em>. Per tali finalit\u00e0 il trattamento \u00e8 effettuato senza necessit\u00e0 di acquisire il suo consenso. I dati sono trattati da noi e da nostri incaricati, e vengono comunicati all\u2019esterno solo in adempimento ad obblighi di legge. In caso di rifiuto a conferire i dati necessari per gli adempimenti sopra indicati, non potremo fornirle i servizi richiesti. I dati acquisiti per tali finalit\u00e0 vengono da noi conservati per il tempo previsto dalle rispettive normative (10 anni, e anche oltre in caso di accertamenti fiscali);L\u2019elenco dei responsabili del trattamento \u00e8 consultabile a semplice richiesta presso il titolare del trattamento.<\/em><\/p>\r\n\r\n<p><em>4.<\/em><em>\u00a0P<\/em><em>er fini di protezione delle persone, della propriet\u00e0 e del patrimonio aziendale attraverso un sistema di videosorveglianza di alcune aree della struttura, individuabili per la presenza di appositi cartelli<\/em><em>. Per tale trattamento non \u00e8 richiesto il suo consenso, in quanto persegue il nostro legittimo interesse a tutelare le persone ed i beni rispetto a possibili aggressioni, furti, rapine, danneggiamenti, atti di vandalismo e per finalit\u00e0 di prevenzione incendi e di sicurezza del lavoro. Le immagini registrate sono cancellate dopo 24 ore mediante sovrascrittura. Non sono oggetto di comunicazione a terzi, tranne nel caso in cui si debba aderire ad una specifica richiesta investigativa dell\u2019autorit\u00e0 giudiziaria o di polizia giudiziaria.<\/em><\/p>\r\n\r\n<p><em>DIRITTI DELL\u2019INTERESSATO<\/em><\/p>\r\n\r\n<p><em>Desideriamo inoltre informarla che il Regolamento europeo le riconosce alcuni diritti, tra cui il diritto di accesso e di rettifica, o di cancellazione o di limitazione o di opposizione al trattamento, oltre al diritto alla portabilit\u00e0 dei dati, se ed in quanto applicabili. Pu\u00f2 inoltre proporre reclamo all\u2019autorit\u00e0 di controllo, secondo le procedure previste dalla normativa vigente.<\/em><\/p>\r\n\r\n<p><em>Per qualsiasi ulteriore informazione, e per far valere i diritti a lei riconosciuti dal Regolamento europeo, potr\u00e0 rivolgersi a:<\/em><\/p>\r\n\r\n<p>Ecohotel Primavera s.r.l &#8211; Via S.Cristoforo 11 &#8211; 38062 Arco (TN) &#8211; P.iva: 02215690229 &#8211; info@hotelprimaverariva.it<\/p>\r\n<p>[\/vc_column_text][\/vc_column][\/vc_row]<\/p><\/div>","protected":false},"excerpt":{"rendered":"<p>[vc_row][vc_column css=&#8221;.vc_custom_1565737407351{padding-top: 100px !important;}&#8221;][vc_column_text] Informativa privacy &#8211; Regolamento UE n. 679 del 2016 Gentile Cliente, ai sensi della normativa vigente in materia di protezione dei dati personali, desideriamo informarla che i trattamenti dei suoi dati personali sono effettuati con correttezza e trasparenza, per fini leciti , tutelando la sua riservatezza ed i suoi diritti. I&hellip;<\/p>\n","protected":false},"author":1,"featured_media":0,"parent":0,"menu_order":0,"comment_status":"closed","ping_status":"closed","template":"","meta":{"_acf_changed":false,"_monsterinsights_skip_tracking":false,"_monsterinsights_sitenote_active":false,"_monsterinsights_sitenote_note":"","_monsterinsights_sitenote_category":0,"pgc_sgb_lightbox_settings":"","footnotes":""},"class_list":["post-4166","page","type-page","status-publish","hentry"],"acf":[],"_links":{"self":[{"href":"https:\/\/www.hotelprimaverariva.it\/en\/wp-json\/wp\/v2\/pages\/4166","targetHints":{"allow":["GET"]}}],"collection":[{"href":"https:\/\/www.hotelprimaverariva.it\/en\/wp-json\/wp\/v2\/pages"}],"about":[{"href":"https:\/\/www.hotelprimaverariva.it\/en\/wp-json\/wp\/v2\/types\/page"}],"author":[{"embeddable":true,"href":"https:\/\/www.hotelprimaverariva.it\/en\/wp-json\/wp\/v2\/users\/1"}],"replies":[{"embeddable":true,"href":"https:\/\/www.hotelprimaverariva.it\/en\/wp-json\/wp\/v2\/comments?post=4166"}],"version-history":[{"count":0,"href":"https:\/\/www.hotelprimaverariva.it\/en\/wp-json\/wp\/v2\/pages\/4166\/revisions"}],"wp:attachment":[{"href":"https:\/\/www.hotelprimaverariva.it\/en\/wp-json\/wp\/v2\/media?parent=4166"}],"curies":[{"name":"wp","href":"https:\/\/api.w.org\/{rel}","templated":true}]}}