{"id":4169,"date":"2019-08-13T22:54:29","date_gmt":"2019-08-13T22:54:29","guid":{"rendered":"https:\/\/www.hotelprimaverariva.it\/cookie-policy\/"},"modified":"2025-09-09T14:36:13","modified_gmt":"2025-09-09T14:36:13","slug":"cookie-policy","status":"publish","type":"page","link":"https:\/\/www.hotelprimaverariva.it\/de\/cookie-policy\/","title":{"rendered":"Cookie Policy"},"content":{"rendered":"<div class=\"wpb-content-wrapper\"><p>[vc_row][vc_column][vc_text_separator title=&#8220;Cookie Policy&#8220; css=&#8220;.vc_custom_1565737213517{padding-top: 100px !important;}&#8220;][\/vc_column][\/vc_row][vc_row][vc_column][vc_raw_html css=&#8220;&#8220;]JTNDaWZyYW1lJTIwc3JjJTNEJTIyaHR0cHMlM0ElMkYlMkZhcHAubGVnYWxibGluay5pdCUyRmFwaSUyRmRvY3VtZW50cyUyRjY4YjFhNjY0OTljODBlMDAyMTcxNDZkOSUyRmNvb2tpZS1wb2xpY3ktZGUlMjIlMjBzdHlsZSUzRCUyMmJvcmRlciUzQW5vbmUlM0IlMjBoZWlnaHQlM0ElMjAzMDAwcHglM0IlMjB3aWR0aCUzQSUyMDEwMCUyNSUzQiUyMiUzRSUzQyUyRmlmcmFtZSUzRQ==[\/vc_raw_html][\/vc_column][\/vc_row][vc_row disable_element=&#8220;yes&#8220;][vc_column][vc_column_text]<\/p>\n<div class=\"entry-content clearfix\">\n<p>[cookie-control]<\/p>\n<p>La presente &#8222;Cookie Policy&#8220; (la nostra politica relativa all\u2019uso di cookie) viene applicata su tutti i siti Internet, comprese le pagine su piattaforme di terze parti (ad esempio, Facebook o YouTube), e alle applicazioni a cui si fa accesso o che vengono utilizzate attraverso tali siti internet o piattaforme di terze parti che siano condotte da o per conto dell&#8217;azienda Ecohotel Primavera s.r.l &#8211; Via S.Cristoforo 11 &#8211; 38062 Arco (TN) &#8211; P.iva: 02215690229<\/p>\n<p>Facendo uso del sito hotelprimaverariva.it, si acconsente al nostro utilizzo di cookie in conformit\u00e0 con la presente Cookie Policy. Se non si acconsente al nostro utilizzo di cookie, occorre impostare il proprio browser in modo appropriato oppure non usare i Siti dell&#8217;azienda. Se si decide di disabilitare i cookie che impieghiamo, ci\u00f2 potrebbe influenzare l\u2019esperienza dell\u2019utente mentre si trova su uno dei nostri Siti.<\/p>\n<p>La tabella riportata di seguito riepiloga i diversi tipi di cookie che potrebbero essere utilizzati sui Siti dell&#8217;azienda, insieme alla loro rispettiva funzione e durata (ovvero per quanto tempo ciascun cookie rimarr\u00e0 sul vostro dispositivo)<\/p>\n<h3><strong>Cosa sono i cookies?<\/strong><\/h3>\n<p>I cookie sono file informatici o dati parziali che possono venire salvati sul vostro computer (o altri dispositivi abilitati alla navigazione su internet, per esempio smartphone o tablet) quando visitate un Sito. Di solito un cookie contiene il nome del sito internet dal quale il cookie stesso proviene, la &#8222;durata vitale&#8220; del cookie (ovvero per quanto tempo rimarr\u00e0 sul vostro dispositivo), ed un valore, che di regola \u00e8 un numero unico generato in modo casuale.<\/p>\n<h3><strong>Per cosa usiamo i cookies?<\/strong><\/h3>\n<p>Noi utilizziamo i cookie per rendere l\u2019uso dei nostri Siti pi\u00f9 semplice e per meglio adattarli ai vostri interessi e bisogni. I cookie possono anche venire usati per aiutarci a velocizzare le vostre future esperienze ed attivit\u00e0 sui nostri Siti. Inoltre usiamo i cookie per compilare statistiche anonime aggregate che ci consentono di capire come le persone usano i nostri Siti e per aiutarci a migliorare la struttura ed i contenuti di questi Siti. Non siamo in grado di identificarvi personalmente attraverso queste informazioni.<\/p>\n<h3><strong>Che tipi di cookie usiamo?<\/strong><\/h3>\n<p>Due tipi di cookie possono venire usati sui nostri Siti: \u2019session cookies\u2019 e \u2019persistent cookies\u2019. I \u2018session cookies\u2019 sono cookie temporanei che rimangono sul vostro dispositivo fino al momento in cui lasciate il Sito. Un \u2018persistent cookie\u2019 rimane sul vostro dispositivo per molto pi\u00f9 tempo o fino a quando lo cancellate manualmente (quanto tempo il cookie rimane sul vostro dispositivo dipender\u00e0 dalla \u2018durata vitale\u2019 del cookie in oggetto e dalle impostazioni del vostro browser).<\/p>\n<p>Alcune delle pagine che visitate possono anche raccogliere informazioni mediante \u2018pixel tags\u2019 (conosciuti anche con il nome \u2018clear gifs\u2019) che potrebbero venire condivisi con terze parti che assistono in modo diretto le nostre attivit\u00e0 promozionali e lo sviluppo dei siti internet. Per esempio, informazioni sull\u2019uso dei siti internet relative alle persone che visitano i nostri Siti possono venire condivise con agenzie pubblicitarie per mirare i banner pubblicitari sui nostri siti internet in modo ottimale. In ogni caso, le informazioni non sono personalmente identificabili, anche se potrebbero venire agganciate ai vostri dati personali.<\/p>\n<h3><strong>Cookies utilizzati sui Siti dell&#8217;azienda<br \/>\n<\/strong><\/h3>\n<table style=\"height: 1775px;\" border=\"1\" width=\"768\" cellspacing=\"0\" cellpadding=\"4\">\n<tbody>\n<tr>\n<td id=\"id\" dir=\"dir\" lang=\"lang\" scope=\"scope\" align=\"align\" valign=\"top\"><strong>Tipo di Cookie<\/strong><\/td>\n<td id=\"id\" dir=\"dir\" lang=\"lang\" scope=\"scope\" align=\"align\" valign=\"top\">\n<p align=\"left\"><strong>Che cosa fanno?<\/strong><\/p>\n<\/td>\n<td id=\"id\" dir=\"dir\" lang=\"lang\" scope=\"scope\" align=\"align\" valign=\"top\">\n<p align=\"left\"><strong>Questi cookie raccolgono i miei dati personali \/ mi identificano?<\/strong><\/p>\n<\/td>\n<\/tr>\n<tr>\n<td valign=\"top\" width=\"166\">Necessario<\/td>\n<td id=\"id\" dir=\"dir\" lang=\"lang\" scope=\"scope\" align=\"align\" valign=\"top\">Questi cookie sono essenziali per il corretto funzionamento dei nostri siti, consentono alle persone di navigare sui nostri siti internet e di sfruttarne le caratteristiche come la memorizzazione di azioni precedenti (testi inseriti) quando si ritorna ad una pagina nel corso della medesima sessione.<\/td>\n<td valign=\"top\" width=\"165\">Questi cookie non ti identificano come individuo.<br \/>\nSe non si accettano questi cookie, la resa del sito internet, o sezioni dello stesso, potrebbe risultare impattate<\/td>\n<\/tr>\n<tr>\n<td valign=\"top\" width=\"166\">Performance<\/td>\n<td valign=\"top\" width=\"170\">Questi cookie ci aiutano a capire come gli utenti interagiscono con i nostri siti internet fornendoci informazioni relative alle sezioni visitate, il tempo trascorso sul sito, e qualsiasi questione che sia emersa, per esempio un messaggio di errore. Questo ci aiuta a migliorare la resa dei nostri siti internet.<\/td>\n<td valign=\"top\" width=\"165\">Questi cookie non ti identificano come individuo. Tutti i dati vengono raccolti e aggregati in forma anonima.<\/td>\n<\/tr>\n<tr>\n<td valign=\"top\" width=\"166\">Funzionalit\u00e0<\/td>\n<td valign=\"top\" width=\"170\">Questi cookie permettono ai nostri siti internet di ricordare le scelte che fate (per esempio, il vostro nome utente, la lingua prescelta o la regione in cui vi trovate, gli eventuali prodotti inseriti nel carrello della spesa) per fornirvi un\u2019esperienza online pi\u00f9 personalizzata. Possono anche consentire agli utenti di visualizzare i video, entrare nei giochi e interagire con gli strumenti sociali tipo blog, chatroom e forum.<\/td>\n<td valign=\"top\" width=\"165\">Le informazioni che vengono raccolte da questi cookie possono includere informazioni personali identificabili che avete fornito, per esempio il vostro nome utente o immagine del profilo. Saremo sempre trasparenti nei vostri confronti in merito a quali informazioni raccogliamo, l\u2018uso che ne facciamo e con chi le condividiamo.<br \/>\nSe non si accettano questi cookie, la resa e funzionalit\u00e0 del sito internet potrebbe risultare impattate e l\u2019accesso ai contenuti del sito potrebbe venire limitata.<\/td>\n<\/tr>\n<tr>\n<td valign=\"top\" width=\"166\">Targeting \/ pubblicit\u00e0<\/td>\n<td valign=\"top\" width=\"170\">Questi cookie vengono usati per presentare contenuti pi\u00f9 adatti a voi e ai vostri interessi. Possono venire usati per visualizzare pubblicit\u00e0 mirate o per limitare il numero di volte che visualizzate una pubblicit\u00e0. Inoltre ci aiutano a misurare l\u2019efficacia delle campagne pubblicitarie sui nostri siti internet.<br \/>\nPotremmo usare questi cookie per ricordare i siti internet che avete visitato e potremmo condividere queste informazioni con terze parti, incluse le nostre agenzie e gli inserzionisti.<\/td>\n<td valign=\"top\" width=\"165\">La maggioranza di cookie di questo tipo tracciano i consumatori attraverso il loro indirizzo IP\u00a0e quindi potrebbero raccoglier alcune informazioni personali identificabili. Per ulteriori informazioni su questi cookie, incluse le informazioni che raccolgono e come vengono usate, consultate la relativa tabella.<\/td>\n<\/tr>\n<\/tbody>\n<\/table>\n<h3><strong>Facciamo uso di cookie di terze parti?<\/strong><\/h3>\n<p>Facciamo uso di svariati fornitori che possono altres\u00ec impostare cookie sul vostro dispositivo per nostro conto \u00a0quando visitate i nostri Siti per consentirgli di erogare i servizi che stanno fornendo. Se desiderate avere ulteriori informazioni relative a questi cookie, insieme a informazioni su come evitare la ricezione di questi cookie, vi preghiamo di consultare la tabella apposita.<\/p>\n<p>Quando visitate i nostri Siti potreste ricevere cookie da siti internet o domini di terze parti. Noi ci sforziamo per identificare questi cookie prima che vengano utilizzati in modo da \u00a0permettervi di decidere se desiderate accettarli o meno. Ulteriori informazioni relative a questi cookie potrebbero essere disponibili sul sito internet della terza parte in questione.<\/p>\n<h3><strong>Come posso controllare o cancellare i cookies?<\/strong><\/h3>\n<p>La maggioranza dei browser internet sono inizialmente impostati per accettare i cookie in modo automatico. Potete modificare queste impostazioni per bloccare i cookie o per avvertirvi che dei cookie vengono mandati al vostro dispositivo. Esistono svariati modi per gestire i cookie. Vi preghiamo di fare riferimento al manuale d\u2019 istruzioni o alla schermata di aiuto del vostro browser per scoprire come regolare o modificare le impostazioni del vostro browser.<\/p>\n<p>Se disabilitate i cookie di cui facciamo uso, ci\u00f2 potrebbe influenzare la vostra esperienza mentre vi trovate sui nostri Siti , per esempio potreste non essere in grado di visitare certe sezioni o non ricevere informazioni personalizzate\u00a0quando visitate un nostro Sito.<\/p>\n<p>Se usate dispositivi diversi tra loro per visualizzare e accedere ai Siti Internet (per esempio, computer, smartphone, tablet, ecc.), dovrete assicurarvi che ciascun browser su ciascun dispositivo sia regolato per riflettere le vostre preferenze relative ai cookie.<\/p>\n<h3><strong>Ulteriori informazioni specifiche<\/strong><\/h3>\n<p><strong>Sessione \/ temporanei<\/strong> Questi cookie vengono cancellati dal vostro dispositivo quando uscite dal sito internet.<\/p>\n<p><strong>Permanenti \/ persistenti<\/strong> Questi cookie non vengono cancellati dal vostro dispositivo quando uscite dal sito internet. Rimangono sul vostro dispositivo per un lasso di tempo maggiore.<\/p>\n<table border=\"1\" cellspacing=\"0\" cellpadding=\"4\">\n<tbody>\n<tr>\n<td colspan=\"5\" valign=\"top\" width=\"616\">\n<p align=\"center\"><strong>PERFORMANCE<\/strong><\/p>\n<\/td>\n<\/tr>\n<tr>\n<td id=\"id\" dir=\"dir\" lang=\"lang\" scope=\"scope\" align=\"align\" valign=\"top\">\n<p align=\"left\"><strong>Cookie utilizzato:<\/strong><\/p>\n<\/td>\n<td id=\"id\" dir=\"dir\" lang=\"lang\" scope=\"scope\" align=\"align\" valign=\"top\">\n<p align=\"left\"><strong>Che cosa f\u00e0?<\/strong><\/p>\n<\/td>\n<td id=\"id\" dir=\"dir\" lang=\"lang\" colspan=\"2\" scope=\"scope\" align=\"align\" valign=\"top\">\n<p align=\"left\"><strong>Quanto a lungo rimane il cookie sul vostro dispositivo?<\/strong><\/p>\n<\/td>\n<td id=\"id\" dir=\"dir\" lang=\"lang\" scope=\"scope\" align=\"align\" valign=\"top\">\n<p align=\"left\"><strong>Dettagli sul cookie<\/strong><\/p>\n<\/td>\n<\/tr>\n<tr>\n<td id=\"id\" dir=\"dir\" lang=\"lang\" scope=\"scope\" align=\"align\" valign=\"top\">\n<p align=\"left\">Analitico \/ Tracking<\/p>\n<\/td>\n<td valign=\"top\" width=\"113\">\n<p align=\"left\">Fornisce informazioni anonime \/ aggregate su dove andate e cosa fate sui nostri siti e su altri siti internet.<\/p>\n<\/td>\n<td colspan=\"2\" valign=\"top\" width=\"111\">\n<p align=\"left\">Persistente, sessione e terze parti<\/p>\n<\/td>\n<td valign=\"top\" width=\"316\">\n<p align=\"left\"><strong>Google Analytics<br \/>\n<\/strong><a href=\"https:\/\/developers.google.com\/analytics\/resources\/concepts\/gaConceptsCookies\" target=\"_blank\" rel=\"noopener\">informazioni su Google Analytics cliccare qui<\/a><\/p>\n<p><strong>YouTube Tracking<br \/>\n<\/strong><a href=\"http:\/\/www.google.co.uk\/intl\/en\/policies\/privacy\/\" target=\"_blank\" rel=\"noopener\">informazioni su YouTube cliccare qui<\/a><\/td>\n<\/tr>\n<tr>\n<td colspan=\"5\" valign=\"top\" width=\"616\">\n<p align=\"center\"><strong>FUNZIONALIT\u00c0<\/strong><\/p>\n<\/td>\n<\/tr>\n<tr>\n<td valign=\"top\" width=\"76\">\n<p align=\"left\">Social Media\u00a0 \/ condivisione (sharing)<\/p>\n<\/td>\n<td valign=\"top\" width=\"113\">\n<p align=\"left\">Vi permettono di condividere commenti \/ valutazioni \/ pagine \/ bookmark e vi aiutano a semplificare l\u2019accesso ai social network e agli strumenti sociali su internet.<\/p>\n<\/td>\n<td colspan=\"2\" valign=\"top\" width=\"111\">\n<p align=\"left\">Terze parti<\/p>\n<\/td>\n<td valign=\"top\" width=\"316\"><strong>Facebook<\/strong><br \/>\n<a href=\"http:\/\/www.facebook.com\/about\/privacy\/your-info-on-other#anothersite\" target=\"_blank\" rel=\"noopener\">informazioni su Facebook Connect cliccare qui<\/a><br \/>\n<a href=\"http:\/\/www.facebook.com\/about\/privacy\/your-info-on-other#socialplugin\" target=\"_blank\" rel=\"noopener\">informazioni sui social plug-in di Facebook cliccare qui<\/a><strong>Twitter<br \/>\n<\/strong><a href=\"http:\/\/twitter.com\/privacy\" target=\"_blank\" rel=\"noopener\">informazioni su Twitter Clicca qui<\/a><strong>YouTube<br \/>\n<\/strong><a href=\"http:\/\/www.google.co.uk\/intl\/en\/policies\/privacy\/\" target=\"_blank\" rel=\"noopener\">informazioni su YouTube cliccare qui<\/a><\/td>\n<\/tr>\n<tr>\n<td colspan=\"5\" valign=\"top\" width=\"616\">\n<p align=\"center\"><strong>TARGETING\/PUBBLICIT\u00c0<\/strong><\/p>\n<\/td>\n<\/tr>\n<tr>\n<td valign=\"top\" width=\"76\">\n<p align=\"left\">Tracking incrociato dei siti<\/p>\n<\/td>\n<td valign=\"top\" width=\"113\">\n<p align=\"left\">Fornisce informazioni anonime sui visitatori, per esempio i siti che visitano prima e\/o dopo aver visitato un nostro Sito.<\/p>\n<\/td>\n<td colspan=\"2\" valign=\"top\" width=\"111\">\n<p align=\"left\">Persistente, sessione e terze parti<\/p>\n<\/td>\n<td valign=\"top\" width=\"316\">\n<p align=\"left\">Attualmente\u00a0<strong>non utilizziamo<\/strong><strong>\u00a0<\/strong>Cookie per queste funzionalit\u00e0 nei nostri siti internet<strong>\u00a0<\/strong><\/p>\n<\/td>\n<\/tr>\n<tr>\n<td colspan=\"5\" valign=\"top\" width=\"616\">\n<p align=\"center\"><strong>VARIE<\/strong><\/p>\n<\/td>\n<\/tr>\n<tr>\n<td valign=\"top\" width=\"76\">\n<p align=\"left\">Rich Media<\/p>\n<\/td>\n<td colspan=\"2\" valign=\"top\" width=\"114\">\n<p align=\"left\">Sostengono vari e diversi elementi di funzionalit\u00e0 sui nostri Siti e sui siti associati, come la visualizzazione di video, l\u2019uso di codici di coupon internet \/ applicazioni fedelt\u00e0 e il download di musica.<\/p>\n<\/td>\n<td valign=\"top\" width=\"110\">\n<p align=\"left\">Persistente, sessione e terze parti<\/p>\n<\/td>\n<td valign=\"top\" width=\"316\"><strong>YouTube<br \/>\n<\/strong><a href=\"http:\/\/www.google.co.uk\/intl\/en\/policies\/privacy\/\" target=\"_blank\" rel=\"noopener\">informazioni su YouTube cliccare qui<\/a><\/td>\n<\/tr>\n<tr>\n<td valign=\"top\" width=\"76\">\n<p align=\"left\">Beacon Domini<\/p>\n<\/td>\n<td colspan=\"2\" valign=\"top\" width=\"114\">\n<p align=\"left\">I \u2018Web beacon\u2019 (fari internet, anche conosciuti con il nome web bugs \/ pixel tags \/clear GIFs) controllano il comportamento dei visitatori sui siti internet e possono fornire informazioni su per esempio cosa gli utenti fanno sui siti internet e gli indirizzi IP\u00a0degli utenti a societ\u00e0 terze.<\/p>\n<\/td>\n<td valign=\"top\" width=\"110\">\n<p align=\"left\">Persistente, sessione e terze parti<\/p>\n<\/td>\n<td valign=\"top\" width=\"316\">Attualmente <strong>non utilizziamo<\/strong> tipi di \u2018beacon\u2019 nei nostri siti internet<\/td>\n<\/tr>\n<tr>\n<td valign=\"top\" width=\"76\">\n<p align=\"left\">Altro<\/p>\n<\/td>\n<td colspan=\"2\" valign=\"top\" width=\"114\">\n<p align=\"left\">Sostengono vari e diversi elementi di funzionalit\u00e0 sui nostri Siti.<\/p>\n<\/td>\n<td valign=\"top\" width=\"110\">\n<p align=\"left\">Persistente, sessione e terze parti<\/p>\n<\/td>\n<td valign=\"top\" width=\"316\"><strong>maps.google.com<br \/>\n<\/strong><a href=\"http:\/\/support.google.com\/maps\/bin\/answer.py?hl=en&amp;answer=153807\" target=\"_blank\" rel=\"noopener\">informazioni su maps.google.com cliccare qui<\/a><\/td>\n<\/tr>\n<\/tbody>\n<\/table>\n<hr \/>\n<h3>Come disabilitare i cookie mediante configurazione del browser<\/h3>\n<ul>\n<li>Disabilitazione dei cookie su\u00a0<a href=\"https:\/\/support.mozilla.org\/it\/kb\/Attivare%20e%20disattivare%20i%20cookie\" target=\"_blank\" rel=\"noopener\"><strong>Firefox<\/strong>\u00a0<\/a><\/li>\n<li>Disabilitazione dei cookie su\u00a0<a href=\"http:\/\/www.google.com\/policies\/technologies\/managing\/\" target=\"_blank\" rel=\"noopener\"><strong>Chrome<\/strong><\/a><\/li>\n<li>Disabilitazione dei cookie su\u00a0<a href=\"http:\/\/windows.microsoft.com\/it-it\/internet-explorer\/delete-manage-cookies#ie=ie-11\" target=\"_blank\" rel=\"noopener\"><strong>Internet Explorer<\/strong><\/a><\/li>\n<li>Disabilitazione dei cookie su\u00a0<a href=\"http:\/\/support.apple.com\/kb\/HT1677?viewlocale=it_IT&amp;locale=it_IT\" target=\"_blank\" rel=\"noopener\"><strong>Safari\u00a0<\/strong><\/a><\/li>\n<li>Disabilitazione dei cookie su<strong>\u00a0<\/strong><strong><a href=\"http:\/\/help.opera.com\/Mac\/12.10\/it\/cookies.html\" target=\"_blank\" rel=\"noopener\">Opera<\/a><\/strong><\/li>\n<\/ul>\n<hr \/>\n<h3>Come disabilitare i cookie di servizi di terzi<\/h3>\n<ul>\n<li><a href=\"http:\/\/www.google.com\/ads\/preferences\/?hl=it\" target=\"_blank\" rel=\"nofollow noopener\">Servizi di Google<\/a><\/li>\n<li><a href=\"https:\/\/www.facebook.com\/help\/cookies?ref_type=sitefooter\" target=\"_blank\" rel=\"nofollow noopener\">Facebook<\/a><\/li>\n<li><a href=\"https:\/\/support.twitter.com\/articles\/20170519-uso-dei-cookie-e-di-altre-tecnologie-simili-da-parte-di-twitter\" target=\"_blank\" rel=\"nofollow noopener\">Twitter<\/a><\/li>\n<\/ul>\n<\/div>\n<p>[\/vc_column_text][\/vc_column][\/vc_row]<\/p>\n<\/div>","protected":false},"excerpt":{"rendered":"<p>[vc_row][vc_column][vc_text_separator title=&#8220;Cookie Policy&#8220; css=&#8220;.vc_custom_1565737213517{padding-top: 100px !important;}&#8220;][\/vc_column][\/vc_row][vc_row][vc_column][vc_raw_html css=&#8220;&#8220;]JTNDaWZyYW1lJTIwc3JjJTNEJTIyaHR0cHMlM0ElMkYlMkZhcHAubGVnYWxibGluay5pdCUyRmFwaSUyRmRvY3VtZW50cyUyRjY4YjFhNjY0OTljODBlMDAyMTcxNDZkOSUyRmNvb2tpZS1wb2xpY3ktZGUlMjIlMjBzdHlsZSUzRCUyMmJvcmRlciUzQW5vbmUlM0IlMjBoZWlnaHQlM0ElMjAzMDAwcHglM0IlMjB3aWR0aCUzQSUyMDEwMCUyNSUzQiUyMiUzRSUzQyUyRmlmcmFtZSUzRQ==[\/vc_raw_html][\/vc_column][\/vc_row][vc_row disable_element=&#8220;yes&#8220;][vc_column][vc_column_text] [cookie-control] La presente &#8222;Cookie Policy&#8220; (la nostra politica relativa all\u2019uso di cookie) viene applicata su tutti i siti Internet, comprese le pagine su piattaforme di terze parti (ad esempio, Facebook o YouTube), e alle applicazioni a cui si fa accesso o che vengono utilizzate attraverso tali siti&hellip;<\/p>\n","protected":false},"author":1,"featured_media":0,"parent":0,"menu_order":0,"comment_status":"closed","ping_status":"closed","template":"","meta":{"_acf_changed":false,"_monsterinsights_skip_tracking":false,"_monsterinsights_sitenote_active":false,"_monsterinsights_sitenote_note":"","_monsterinsights_sitenote_category":0,"pgc_sgb_lightbox_settings":"","footnotes":""},"class_list":["post-4169","page","type-page","status-publish","hentry"],"acf":[],"_links":{"self":[{"href":"https:\/\/www.hotelprimaverariva.it\/de\/wp-json\/wp\/v2\/pages\/4169","targetHints":{"allow":["GET"]}}],"collection":[{"href":"https:\/\/www.hotelprimaverariva.it\/de\/wp-json\/wp\/v2\/pages"}],"about":[{"href":"https:\/\/www.hotelprimaverariva.it\/de\/wp-json\/wp\/v2\/types\/page"}],"author":[{"embeddable":true,"href":"https:\/\/www.hotelprimaverariva.it\/de\/wp-json\/wp\/v2\/users\/1"}],"replies":[{"embeddable":true,"href":"https:\/\/www.hotelprimaverariva.it\/de\/wp-json\/wp\/v2\/comments?post=4169"}],"version-history":[{"count":1,"href":"https:\/\/www.hotelprimaverariva.it\/de\/wp-json\/wp\/v2\/pages\/4169\/revisions"}],"predecessor-version":[{"id":4175,"href":"https:\/\/www.hotelprimaverariva.it\/de\/wp-json\/wp\/v2\/pages\/4169\/revisions\/4175"}],"wp:attachment":[{"href":"https:\/\/www.hotelprimaverariva.it\/de\/wp-json\/wp\/v2\/media?parent=4169"}],"curies":[{"name":"wp","href":"https:\/\/api.w.org\/{rel}","templated":true}]}}